{"id":14016,"date":"2025-04-11T05:49:23","date_gmt":"2025-04-11T05:49:23","guid":{"rendered":"https:\/\/web.pgihs.ac.lk\/?page_id=14016"},"modified":"2025-09-24T03:57:27","modified_gmt":"2025-09-24T03:57:27","slug":"jhs-volume-01-issue-01","status":"publish","type":"page","link":"https:\/\/web.pgihs.ac.lk\/index.php\/jhs-volume-01-issue-01\/","title":{"rendered":"JHS  Volume 01, Issue 01"},"content":{"rendered":"\t\t<div data-elementor-type=\"wp-page\" data-elementor-id=\"14016\" class=\"elementor elementor-14016\">\n\t\t\t\t<div class=\"elementor-element elementor-element-701cc279 e-flex e-con-boxed e-con e-parent\" data-id=\"701cc279\" data-element_type=\"container\">\n\t\t\t\t\t<div class=\"e-con-inner\">\n\t\t\t\t<div class=\"elementor-element elementor-element-3fc8d952 elementor-widget elementor-widget-text-editor\" data-id=\"3fc8d952\" data-element_type=\"widget\" data-widget_type=\"text-editor.default\">\n\t\t\t\t<div class=\"elementor-widget-container\">\n\t\t\t<style>\/*! elementor - v3.22.0 - 26-06-2024 *\/\n.elementor-widget-text-editor.elementor-drop-cap-view-stacked .elementor-drop-cap{background-color:#69727d;color:#fff}.elementor-widget-text-editor.elementor-drop-cap-view-framed .elementor-drop-cap{color:#69727d;border:3px solid;background-color:transparent}.elementor-widget-text-editor:not(.elementor-drop-cap-view-default) .elementor-drop-cap{margin-top:8px}.elementor-widget-text-editor:not(.elementor-drop-cap-view-default) .elementor-drop-cap-letter{width:1em;height:1em}.elementor-widget-text-editor .elementor-drop-cap{float:left;text-align:center;line-height:1;font-size:50px}.elementor-widget-text-editor .elementor-drop-cap-letter{display:inline-block}<\/style>\t\t\t\t<!-- wp:paragraph -->\n<p><span style=\"color: #000000;\">Volume 01, Issue 01<\/span><\/p>\n<!-- \/wp:paragraph --><!-- wp:paragraph -->\n<p><a href=\"https:\/\/drive.google.com\/file\/d\/1yJYMvr2x4EseUYDjfpKRbgvKh1yk6t9K\/view?usp=drive_link\">The First Issue- Download (PDF)<\/a><\/p>\n<p><a href=\"https:\/\/drive.google.com\/file\/d\/1f0gA275azc1HPGnLjxB8h4Pu8ILnkL-y\/view?usp=drive_link\">Editorial Note\u00a0<\/a><\/p>\n<!-- \/wp:paragraph -->\n<p>\u00a0<\/p>\t\t\t\t\t\t<\/div>\n\t\t\t\t<\/div>\n\t\t\t\t\t<\/div>\n\t\t\t\t<\/div>\n\t\t<div class=\"elementor-element elementor-element-7fca36e e-flex e-con-boxed e-con e-parent\" data-id=\"7fca36e\" data-element_type=\"container\">\n\t\t\t\t\t<div class=\"e-con-inner\">\n\t\t\t\t<div class=\"elementor-element elementor-element-8cd8297 elementor-widget elementor-widget-text-editor\" data-id=\"8cd8297\" data-element_type=\"widget\" data-widget_type=\"text-editor.default\">\n\t\t\t\t<div class=\"elementor-widget-container\">\n\t\t\t\t\t\t\t<table id=\"example\" class=\"display rowData\" width=\"100%\" cellspacing=\"0\">\n<thead>\n<tr>\n<th><span style=\"color: #000000;\">ID<\/span><\/th>\n<th><span style=\"color: #000000;\">Abstract<\/span><\/th>\n<\/tr>\n<\/thead>\n<tbody>\n<tr>\n<td class=\"id\"><span style=\"color: #000000;\">01<\/span><\/td>\n<td style=\"text-align: left;\"><b><a href=\"https:\/\/drive.google.com\/file\/d\/1x2l00vmRX3AZps_ACiS_W5T5U53p1qqB\/view?usp=drive_link\">Contingent Axioms of Language: A Comparison between N\u00e4garjuna and Derrida<\/a>\u00a0 <\/b><em><span style=\"color: #000000;\">By\u00a0 <\/span><b><span style=\"color: #000000;\"><span style=\"font-weight: 400;\">JD.A. Kumara<\/span><\/span><\/b><\/em><\/td>\n<\/tr>\n<tr>\n<td class=\"id\"><span style=\"color: #000000;\">02<\/span><\/td>\n<td style=\"text-align: left;\">\n<p><a href=\"https:\/\/drive.google.com\/file\/d\/1R1JVYWO-0Dvyn3tTmyOgV2PkU7iNb5cC\/view?usp=drive_link\"><b>Reconceptualising Sacred City Meaning: The Sacred City of<\/b><b style=\"font-family: inherit; font-size: inherit;\"> Anuradhapura\u00a0<\/b><\/a><span style=\"color: #000000;\"> \u00a0<em>By\u00a0 A.<b style=\"font-family: inherit; font-size: inherit;\"><span style=\"font-weight: 400;\">Rajapakse<\/span><\/b><\/em><\/span><\/p>\n<\/td>\n<\/tr>\n<tr>\n<td class=\"id\"><span style=\"color: #000000;\">03<\/span><\/td>\n<td style=\"text-align: left;\">\n<p><b><a href=\"https:\/\/drive.google.com\/file\/d\/1aHRZ1RE69gPWqWNvedsG1OwOr9Qr51-0\/view?usp=drive_link\">Revealed Comparative Advantage: An Analysis Based on Leading Exports of Sri Lanka \u00a0<\/a><\/b><em><span style=\"color: #000000;\">By <\/span><b><span style=\"color: #000000;\"><span style=\"font-weight: 400;\">H.B.W. Hettiarachchi<\/span><\/span><\/b><\/em><\/p>\n<\/td>\n<\/tr>\n<tr>\n<td class=\"id\"><span style=\"color: #000000;\">04<\/span><\/td>\n<td style=\"text-align: left;\">\n<p><a href=\"https:\/\/drive.google.com\/file\/d\/1tCcltNBZ1S_CirOz7hkQSEm-OTdstK8o\/view?usp=drive_link\"><b>Apparel Industry and Fashion Education in South Asian Region:<\/b><\/a><b>A Review\u00a0 \u00a0<\/b><em><span style=\"color: #000000;\">By\u00a0 <\/span><b><span style=\"color: #000000;\"><span style=\"font-weight: 400;\">S. Gopura <\/span><\/span><\/b><\/em><\/p>\n<\/td>\n<\/tr>\n<tr>\n<td class=\"id\"><span style=\"color: #000000;\">05<\/span><\/td>\n<td style=\"text-align: left;\"><b><a href=\"https:\/\/drive.google.com\/file\/d\/1rRSJ3p2ofC9iP6UFtiu4W8iaHsNHmIHY\/view?usp=drive_link\">Influence of Philosophy of Nik\u0101ya Buddhism on Madhyamika and Yog\u00e4c\u00e4ra <\/a>\u00a0 <\/b><em><span style=\"color: #000000;\">By <\/span><b><span style=\"color: #000000;\"><span style=\"font-weight: 400;\">Chin Bee Lin<\/span><\/span><\/b><\/em><\/td>\n<\/tr>\n<tr>\n<td class=\"id\"><span style=\"color: #000000;\">06<\/span><\/td>\n<td style=\"text-align: left;\">\n<p><a href=\"https:\/\/drive.google.com\/file\/d\/15rVFRDAckVXdEYzMcDbk9g5USy67hNWv\/view?usp=drive_link\"><b>Rethinking Social Work: Towards Critical Practice <\/b><\/a><b style=\"font-family: inherit; font-size: inherit;\">Jim Ife <em><span style=\"font-weight: 400;\">Reviewed <\/span><\/em><\/b><em><span style=\"color: #000000;\"><span style=\"font-weight: 400;\">By <\/span><\/span><b style=\"font-family: inherit; font-size: inherit;\"><span style=\"font-weight: 400;\"><span style=\"color: #000000;\">S. Gamlath<\/span><\/span><\/b><\/em><\/p>\n<\/td>\n<\/tr>\n<\/tbody>\n<\/table>\t\t\t\t\t\t<\/div>\n\t\t\t\t<\/div>\n\t\t\t\t\t<\/div>\n\t\t\t\t<\/div>\n\t\t\t\t<\/div>\n\t\t","protected":false},"excerpt":{"rendered":"<p>Volume 01, Issue 01 The First Issue- Download (PDF) Editorial Note\u00a0 \u00a0 ID Abstract 01 Contingent Axioms of Language: A&#8230;<\/p>\n","protected":false},"author":1,"featured_media":0,"parent":0,"menu_order":0,"comment_status":"closed","ping_status":"closed","template":"","meta":{"footnotes":""},"class_list":["post-14016","page","type-page","status-publish","hentry"],"_links":{"self":[{"href":"https:\/\/web.pgihs.ac.lk\/index.php\/wp-json\/wp\/v2\/pages\/14016","targetHints":{"allow":["GET"]}}],"collection":[{"href":"https:\/\/web.pgihs.ac.lk\/index.php\/wp-json\/wp\/v2\/pages"}],"about":[{"href":"https:\/\/web.pgihs.ac.lk\/index.php\/wp-json\/wp\/v2\/types\/page"}],"author":[{"embeddable":true,"href":"https:\/\/web.pgihs.ac.lk\/index.php\/wp-json\/wp\/v2\/users\/1"}],"replies":[{"embeddable":true,"href":"https:\/\/web.pgihs.ac.lk\/index.php\/wp-json\/wp\/v2\/comments?post=14016"}],"version-history":[{"count":28,"href":"https:\/\/web.pgihs.ac.lk\/index.php\/wp-json\/wp\/v2\/pages\/14016\/revisions"}],"predecessor-version":[{"id":16346,"href":"https:\/\/web.pgihs.ac.lk\/index.php\/wp-json\/wp\/v2\/pages\/14016\/revisions\/16346"}],"wp:attachment":[{"href":"https:\/\/web.pgihs.ac.lk\/index.php\/wp-json\/wp\/v2\/media?parent=14016"}],"curies":[{"name":"wp","href":"https:\/\/api.w.org\/{rel}","templated":true}]}}