{"id":14263,"date":"2025-04-23T00:23:43","date_gmt":"2025-04-23T00:23:43","guid":{"rendered":"https:\/\/web.pgihs.ac.lk\/?page_id=14263"},"modified":"2025-09-24T04:07:13","modified_gmt":"2025-09-24T04:07:13","slug":"volume-02-issue-02","status":"publish","type":"page","link":"https:\/\/web.pgihs.ac.lk\/index.php\/volume-02-issue-02\/","title":{"rendered":"JHS Volume 02, Issue 02"},"content":{"rendered":"\t\t<div data-elementor-type=\"wp-page\" data-elementor-id=\"14263\" class=\"elementor elementor-14263\">\n\t\t\t\t<div class=\"elementor-element elementor-element-701cc279 e-flex e-con-boxed e-con e-parent\" data-id=\"701cc279\" data-element_type=\"container\">\n\t\t\t\t\t<div class=\"e-con-inner\">\n\t\t\t\t<div class=\"elementor-element elementor-element-3fc8d952 elementor-widget elementor-widget-text-editor\" data-id=\"3fc8d952\" data-element_type=\"widget\" data-widget_type=\"text-editor.default\">\n\t\t\t\t<div class=\"elementor-widget-container\">\n\t\t\t<style>\/*! elementor - v3.22.0 - 26-06-2024 *\/\n.elementor-widget-text-editor.elementor-drop-cap-view-stacked .elementor-drop-cap{background-color:#69727d;color:#fff}.elementor-widget-text-editor.elementor-drop-cap-view-framed .elementor-drop-cap{color:#69727d;border:3px solid;background-color:transparent}.elementor-widget-text-editor:not(.elementor-drop-cap-view-default) .elementor-drop-cap{margin-top:8px}.elementor-widget-text-editor:not(.elementor-drop-cap-view-default) .elementor-drop-cap-letter{width:1em;height:1em}.elementor-widget-text-editor .elementor-drop-cap{float:left;text-align:center;line-height:1;font-size:50px}.elementor-widget-text-editor .elementor-drop-cap-letter{display:inline-block}<\/style>\t\t\t\t<!-- wp:paragraph -->\n<p><span style=\"color: #000000;\">Volume 02, Issue 02<\/span><\/p>\n<!-- \/wp:paragraph --><!-- wp:paragraph -->\n<p><a href=\"https:\/\/drive.google.com\/file\/d\/1fGN_-M7FG32moImd_H9NW9tkpNBUWv-H\/view?usp=sharing\">The First Issue- Download (PDF)<\/a><\/p>\n<p><a href=\"https:\/\/drive.google.com\/file\/d\/1GC1ALPEI97TQRpPoQvEd0WJoTJCydcyL\/view?usp=sharing\">Editorial Note\u00a0<\/a><\/p>\n<!-- \/wp:paragraph -->\n<p>\u00a0<\/p>\t\t\t\t\t\t<\/div>\n\t\t\t\t<\/div>\n\t\t\t\t\t<\/div>\n\t\t\t\t<\/div>\n\t\t<div class=\"elementor-element elementor-element-7fca36e e-flex e-con-boxed e-con e-parent\" data-id=\"7fca36e\" data-element_type=\"container\">\n\t\t\t\t\t<div class=\"e-con-inner\">\n\t\t\t\t<div class=\"elementor-element elementor-element-8cd8297 elementor-widget elementor-widget-text-editor\" data-id=\"8cd8297\" data-element_type=\"widget\" data-widget_type=\"text-editor.default\">\n\t\t\t\t<div class=\"elementor-widget-container\">\n\t\t\t\t\t\t\t<table id=\"example\" class=\"display rowData\" width=\"100%\" cellspacing=\"0\">\n<thead>\n<tr>\n<th><span style=\"color: #000000;\">ID<\/span><\/th>\n<th><span style=\"color: #000000;\">Abstract<\/span><\/th>\n<\/tr>\n<\/thead>\n<tbody>\n<tr>\n<td><span style=\"color: #000000;\">01<\/span><\/td>\n<td><strong><a href=\"https:\/\/drive.google.com\/file\/d\/14EhTrvIUxiGtN1TtFmvxr1LUrCVF9Mdo\/view?usp=sharing\" target=\"_blank\" rel=\"noopener\"><span class=\"title\">Social Development &#8211; A Search for Conceptual Linkages<\/span><\/a><\/strong><span class=\"title\"><strong>\u00a0<\/strong>\u00a0 \u00a0<em><span style=\"color: #000000;\">By<\/span> <\/em><\/span><em><span style=\"color: #000000;\"><span class=\"authors\">Vijayan K. Pillai1<\/span><\/span><\/em><\/td>\n<\/tr>\n<tr>\n<td class=\"id\"><span style=\"color: #000000;\">02<\/span><\/td>\n<td style=\"text-align: left;\"><a href=\"4\/Volume 02-No-02-paper 002.pdf\" target=\"_blank\" rel=\"noopener\"><span class=\"title\"><strong>The Three-Natures Theory (Tri-svabh\u0101va) of Yog\u0101c\u0101ra from the Early Buddhist and Madhyamaka Philosophy<\/strong><\/span><\/a>\u00a0 <em><span style=\"color: #000000;\">By <span class=\"authors\">Ven. Sabin Maharjan (Sumana)<\/span><\/span><\/em><\/td>\n<\/tr>\n<tr>\n<td class=\"id\"><span style=\"color: #000000;\">03<\/span><\/td>\n<td style=\"text-align: left;\"><a href=\"https:\/\/drive.google.com\/file\/d\/1xuf_siCRN5QmM4yTYcKSgwYXQPeSzFce\/view?usp=sharing\" target=\"_blank\" rel=\"noopener\"><span class=\"title\"><strong>Loss of Corporate Income Tax Revenue due to Exemptions: An Analysis Based on Company Tax Returns<\/strong><\/span><\/a>\u00a0 <em><span style=\"color: #000000;\">By<\/span> <span class=\"authors\" style=\"color: #000000;\">K.K. Sanath Hettiarachchi, J.M. Ananda Jayawickrama<\/span><\/em><\/td>\n<\/tr>\n<tr>\n<td class=\"id\"><span style=\"color: #000000;\">04<\/span><\/td>\n<td style=\"text-align: left;\"><strong><a href=\"https:\/\/drive.google.com\/file\/d\/1xuf_siCRN5QmM4yTYcKSgwYXQPeSzFce\/view?usp=sharing\" target=\"_blank\" rel=\"noopener\"><span class=\"title\">Judging whether Life is or is not Worth Living in the Case of Suicide: A Theoretical Approach<\/span><\/a><\/strong><span class=\"title\">\u00a0 <em><span style=\"color: #000000;\">By<\/span> <\/em><\/span><em><span class=\"authors\" style=\"color: #000000;\">Viyanga Gunasekara<\/span><\/em><\/td>\n<\/tr>\n<tr>\n<td class=\"id\"><span style=\"color: #000000;\">05<\/span><\/td>\n<td style=\"text-align: left;\"><a href=\"https:\/\/drive.google.com\/file\/d\/1CQx6nIgO3MguBzJYZskb5pYQzb2DiTC7\/view?usp=sharing\" target=\"_blank\" rel=\"noopener\"><span class=\"title\"><strong>Greek in Gandhara: A Study on Greek Influence on Gandhara Art<\/strong><\/span><\/a><span class=\"title\">\u00a0 <em><span style=\"color: #000000;\">By\u00a0 <\/span><\/em><\/span><em><span style=\"color: #000000;\"><span class=\"authors\">Ayeshi Biyanwila<\/span><\/span><\/em><\/td>\n<\/tr>\n<tr>\n<td class=\"id\"><span style=\"color: #000000;\">06<\/span><\/td>\n<td style=\"text-align: left;\"><a href=\"https:\/\/drive.google.com\/file\/d\/1jvHeFeiAK48x8RXpUIEyB1fg3UmFtXDN\/view?usp=sharing\" target=\"_blank\" rel=\"noopener\"><span class=\"title\"><strong>Reaching People First: A New Paradigm to Rural Development and Poverty Alleviation<\/strong><\/span><\/a><span class=\"title\">\u00a0 \u00a0 <em><span style=\"color: #000000;\">By<\/span> <\/em><\/span><em><span style=\"color: #000000;\"><span class=\"authors\">Sarath Gamlath, Susantha Rasnayake, Thushara Kamalrathne<\/span><\/span><\/em><\/td>\n<\/tr>\n<tr>\n<td class=\"id\"><span style=\"color: #000000;\">07<\/span><\/td>\n<td style=\"text-align: left;\"><a href=\"https:\/\/drive.google.com\/file\/d\/1hdYeQDFamJdCNY9yFJJmujU1bWOzdolg\/view?usp=drive_link\"><strong>Tea &amp; Solidarity &#8211; Tamil Women &amp; Work in Postwar Sri Lanka Mythri Jegathesan<\/strong><\/a><em><span style=\"color: #000000;\">\u00a0 \u00a0Reviewed by Kowsalya Duraisamy<\/span><\/em><\/td>\n<\/tr>\n<\/tbody>\n<\/table>\t\t\t\t\t\t<\/div>\n\t\t\t\t<\/div>\n\t\t\t\t\t<\/div>\n\t\t\t\t<\/div>\n\t\t\t\t<\/div>\n\t\t","protected":false},"excerpt":{"rendered":"<p>Volume 02, Issue 02 The First Issue- Download (PDF) Editorial Note\u00a0 \u00a0 ID Abstract 01 Social Development &#8211; A Search&#8230;<\/p>\n","protected":false},"author":1,"featured_media":0,"parent":0,"menu_order":0,"comment_status":"closed","ping_status":"closed","template":"","meta":{"footnotes":""},"class_list":["post-14263","page","type-page","status-publish","hentry"],"_links":{"self":[{"href":"https:\/\/web.pgihs.ac.lk\/index.php\/wp-json\/wp\/v2\/pages\/14263","targetHints":{"allow":["GET"]}}],"collection":[{"href":"https:\/\/web.pgihs.ac.lk\/index.php\/wp-json\/wp\/v2\/pages"}],"about":[{"href":"https:\/\/web.pgihs.ac.lk\/index.php\/wp-json\/wp\/v2\/types\/page"}],"author":[{"embeddable":true,"href":"https:\/\/web.pgihs.ac.lk\/index.php\/wp-json\/wp\/v2\/users\/1"}],"replies":[{"embeddable":true,"href":"https:\/\/web.pgihs.ac.lk\/index.php\/wp-json\/wp\/v2\/comments?post=14263"}],"version-history":[{"count":14,"href":"https:\/\/web.pgihs.ac.lk\/index.php\/wp-json\/wp\/v2\/pages\/14263\/revisions"}],"predecessor-version":[{"id":16355,"href":"https:\/\/web.pgihs.ac.lk\/index.php\/wp-json\/wp\/v2\/pages\/14263\/revisions\/16355"}],"wp:attachment":[{"href":"https:\/\/web.pgihs.ac.lk\/index.php\/wp-json\/wp\/v2\/media?parent=14263"}],"curies":[{"name":"wp","href":"https:\/\/api.w.org\/{rel}","templated":true}]}}