{"id":14265,"date":"2025-04-23T00:22:58","date_gmt":"2025-04-23T00:22:58","guid":{"rendered":"https:\/\/web.pgihs.ac.lk\/?page_id=14265"},"modified":"2025-09-24T04:01:12","modified_gmt":"2025-09-24T04:01:12","slug":"volume-01-issue-02","status":"publish","type":"page","link":"https:\/\/web.pgihs.ac.lk\/index.php\/volume-01-issue-02\/","title":{"rendered":"JHS Volume 01, Issue 02"},"content":{"rendered":"\t\t<div data-elementor-type=\"wp-page\" data-elementor-id=\"14265\" class=\"elementor elementor-14265\">\n\t\t\t\t<div class=\"elementor-element elementor-element-701cc279 e-flex e-con-boxed e-con e-parent\" data-id=\"701cc279\" data-element_type=\"container\">\n\t\t\t\t\t<div class=\"e-con-inner\">\n\t\t\t\t<div class=\"elementor-element elementor-element-3fc8d952 elementor-widget elementor-widget-text-editor\" data-id=\"3fc8d952\" data-element_type=\"widget\" data-widget_type=\"text-editor.default\">\n\t\t\t\t<div class=\"elementor-widget-container\">\n\t\t\t<style>\/*! elementor - v3.22.0 - 26-06-2024 *\/\n.elementor-widget-text-editor.elementor-drop-cap-view-stacked .elementor-drop-cap{background-color:#69727d;color:#fff}.elementor-widget-text-editor.elementor-drop-cap-view-framed .elementor-drop-cap{color:#69727d;border:3px solid;background-color:transparent}.elementor-widget-text-editor:not(.elementor-drop-cap-view-default) .elementor-drop-cap{margin-top:8px}.elementor-widget-text-editor:not(.elementor-drop-cap-view-default) .elementor-drop-cap-letter{width:1em;height:1em}.elementor-widget-text-editor .elementor-drop-cap{float:left;text-align:center;line-height:1;font-size:50px}.elementor-widget-text-editor .elementor-drop-cap-letter{display:inline-block}<\/style>\t\t\t\t<!-- wp:paragraph -->\n<p><span style=\"color: #000000;\">Volume 01, Issue 02<\/span><\/p>\n<!-- \/wp:paragraph --><!-- wp:paragraph -->\n<p><a href=\"https:\/\/drive.google.com\/file\/d\/18FyDBsU0SG-Qq5nkXLU2xhnJF-BhN2d8\/view?usp=sharing\">The Second Issue- Download (PDF)<\/a><\/p>\n<p>Editorial Note\u00a0<\/p>\n<!-- \/wp:paragraph -->\n<p>\u00a0<\/p>\t\t\t\t\t\t<\/div>\n\t\t\t\t<\/div>\n\t\t\t\t\t<\/div>\n\t\t\t\t<\/div>\n\t\t<div class=\"elementor-element elementor-element-7fca36e e-flex e-con-boxed e-con e-parent\" data-id=\"7fca36e\" data-element_type=\"container\">\n\t\t\t\t\t<div class=\"e-con-inner\">\n\t\t\t\t<div class=\"elementor-element elementor-element-8cd8297 elementor-widget elementor-widget-text-editor\" data-id=\"8cd8297\" data-element_type=\"widget\" data-widget_type=\"text-editor.default\">\n\t\t\t\t<div class=\"elementor-widget-container\">\n\t\t\t\t\t\t\t<table id=\"example\" width=\"100%\" cellspacing=\"0\">\n<thead>\n<tr>\n<th><span style=\"color: #000000;\">ID<\/span><\/th>\n<th><span style=\"color: #000000;\">Abstract<\/span><\/th>\n<\/tr>\n<\/thead>\n<tbody>\n<tr>\n<td><span style=\"color: #000000;\">01<\/span><\/td>\n<td><strong><a href=\"https:\/\/drive.google.com\/file\/d\/1Fp824oX_TfDJPcLx3X782tEN41xet1xF\/view?usp=sharing\" target=\"_blank\" rel=\"noopener\"><span class=\"title\">Understanding the Law and the Legal System as Practiced in the Buddhist Tradition \u00a0<\/span><\/a><\/strong><em><span class=\"title\"><span style=\"color: #000000;\">By<\/span> <\/span><span style=\"color: #000000;\"><span class=\"authors\">Nandana Sri Talagun\u00e9<\/span><\/span><\/em><\/td>\n<\/tr>\n<tr>\n<td class=\"id\"><span style=\"color: #000000;\">02<\/span><\/td>\n<td style=\"text-align: left;\"><a href=\"https:\/\/drive.google.com\/file\/d\/1pio5yqrQ2s11DqU_RZvy-S19wv5JL-CV\/view?usp=sharing\" target=\"_blank\" rel=\"noopener\"><span class=\"title\"><strong>An Analysis of Compliance and Policy Gaps in Nation Building Tax in Sri Lanka \u00a0<\/strong><\/span><\/a><em><span class=\"title\"><span style=\"color: #000000;\">By<\/span> <\/span><span style=\"color: #000000;\"><span class=\"authors\">K.K. Sanath Hettiarachchi and J.M. Ananda Jayawickrama<\/span><\/span><\/em><\/td>\n<\/tr>\n<tr>\n<td class=\"id\"><span style=\"color: #000000;\">03<\/span><\/td>\n<td style=\"text-align: left;\"><a href=\"https:\/\/drive.google.com\/file\/d\/1gtwFzJr_7tEVurooaPOgghQIUPLyEDl7\/view?usp=sharing\" target=\"_blank\" rel=\"noopener\"><span class=\"title\"><strong>Appearances are Deceptive: Identity Crisis in Plautus\u2019 Menaechmi and Amphitruo <\/strong><\/span><\/a><span class=\"title\"><strong>\u00a0<\/strong><\/span><em><span class=\"title\" style=\"color: #000000;\">By\u00a0<\/span><span style=\"color: #000000;\"><span class=\"authors\">Muditha Dharmasiri<\/span><\/span><\/em><\/td>\n<\/tr>\n<tr>\n<td class=\"id\"><span style=\"color: #000000;\">04<\/span><\/td>\n<td style=\"text-align: left;\"><a href=\"https:\/\/drive.google.com\/file\/d\/1KNylUqdAUh8HgBuQl97jzrV3VP6tdVwb\/view?usp=sharing\" target=\"_blank\" rel=\"noopener\"><strong><span class=\"title\">Personal Disability or Social Inability \u2013 Social Construction Interpretation and Community Partnership for Welfare of PWDs<\/span><\/strong><\/a><span style=\"color: #000000;\"><span class=\"title\">\u00a0 <em>By <\/em><\/span><em>Sarathchandra Gamlath<\/em><\/span><\/td>\n<\/tr>\n<tr>\n<td class=\"id\"><span style=\"color: #000000;\">05<\/span><\/td>\n<td style=\"text-align: left;\"><a href=\"https:\/\/drive.google.com\/file\/d\/1NxQIPjuM2ebZbXl2C_IVywPx9zwN-boh\/view?usp=sharing\" target=\"_blank\" rel=\"noopener\"><span class=\"title\"><strong>\u0100laya-vij\u00f1\u0101na in the Yog\u0101c\u0101ra School &amp; Bhava\u1e45ga-citta in Therav\u0101da Abhidhamma in Relation to the Process of Rebirth<\/strong><\/span><\/a> <em><span class=\"title\"><span style=\"color: #000000;\">By<\/span> <\/span><span style=\"color: #000000;\"><span class=\"authors\">Ven. Zu Guang<\/span><\/span><\/em><\/td>\n<\/tr>\n<tr>\n<td class=\"id\"><span style=\"color: #000000;\">06<\/span><\/td>\n<td style=\"text-align: left;\"><a href=\"https:\/\/drive.google.com\/file\/d\/1q4wDc-y0ONq3yoPh9hG7ej3mvPRqZy2u\/view?usp=sharing\" target=\"_blank\" rel=\"noopener\"><span class=\"title\"><strong>Negotiating Marginal Subject Positions: The Dynamics of Class and Culture in the English Department Discourse of a State University in Sri Lanka \u00a0<\/strong><\/span><\/a><em><span style=\"color: #000000;\">By<\/span> <span style=\"color: #000000;\">\u00a0<span class=\"authors\">Thilini Prasadika<\/span><\/span><\/em><\/td>\n<\/tr>\n<tr>\n<td class=\"id\"><span style=\"color: #000000;\">07<\/span><\/td>\n<td style=\"text-align: left;\"><a href=\"https:\/\/drive.google.com\/file\/d\/1IwVGBw96V16VtKMOc1dSb__jVFdtnvyA\/view?usp=sharing\"><strong>Social and Cultural History of Sri Lanka from 13th Century AC\u00a0\u00a0to 15th Century AC \u00a0N.A. Wimalasena<\/strong> <\/a><em>\u00a0\u00a0\u00a0\u00a0<span style=\"color: #000000;\">Reviewed by S.B. Hettiaratchi<\/span><\/em><\/td>\n<\/tr>\n<\/tbody>\n<\/table>\t\t\t\t\t\t<\/div>\n\t\t\t\t<\/div>\n\t\t\t\t\t<\/div>\n\t\t\t\t<\/div>\n\t\t\t\t<\/div>\n\t\t","protected":false},"excerpt":{"rendered":"<p>Volume 01, Issue 02 The Second Issue- Download (PDF) Editorial Note\u00a0 \u00a0 ID Abstract 01 Understanding the Law and the&#8230;<\/p>\n","protected":false},"author":1,"featured_media":0,"parent":0,"menu_order":0,"comment_status":"closed","ping_status":"closed","template":"","meta":{"footnotes":""},"class_list":["post-14265","page","type-page","status-publish","hentry"],"_links":{"self":[{"href":"https:\/\/web.pgihs.ac.lk\/index.php\/wp-json\/wp\/v2\/pages\/14265","targetHints":{"allow":["GET"]}}],"collection":[{"href":"https:\/\/web.pgihs.ac.lk\/index.php\/wp-json\/wp\/v2\/pages"}],"about":[{"href":"https:\/\/web.pgihs.ac.lk\/index.php\/wp-json\/wp\/v2\/types\/page"}],"author":[{"embeddable":true,"href":"https:\/\/web.pgihs.ac.lk\/index.php\/wp-json\/wp\/v2\/users\/1"}],"replies":[{"embeddable":true,"href":"https:\/\/web.pgihs.ac.lk\/index.php\/wp-json\/wp\/v2\/comments?post=14265"}],"version-history":[{"count":20,"href":"https:\/\/web.pgihs.ac.lk\/index.php\/wp-json\/wp\/v2\/pages\/14265\/revisions"}],"predecessor-version":[{"id":16349,"href":"https:\/\/web.pgihs.ac.lk\/index.php\/wp-json\/wp\/v2\/pages\/14265\/revisions\/16349"}],"wp:attachment":[{"href":"https:\/\/web.pgihs.ac.lk\/index.php\/wp-json\/wp\/v2\/media?parent=14265"}],"curies":[{"name":"wp","href":"https:\/\/api.w.org\/{rel}","templated":true}]}}